{"id":1214,"date":"2024-01-26T08:38:57","date_gmt":"2024-01-26T07:38:57","guid":{"rendered":"https:\/\/stowarzyszenienaczterechlapach.pl\/?page_id=1214"},"modified":"2024-01-30T15:12:03","modified_gmt":"2024-01-30T14:12:03","slug":"przyjaciele-i-sponsorzy","status":"publish","type":"page","link":"https:\/\/stowarzyszenienaczterechlapach.pl\/en\/przyjaciele-i-sponsorzy\/","title":{"rendered":"Friends and Donors of the Association"},"content":{"rendered":"<div data-elementor-type=\"wp-page\" data-elementor-id=\"1214\" class=\"elementor elementor-1214\">\n\t\t\t\t<div class=\"elementor-element elementor-element-000c58e e-flex e-con-boxed e-con e-parent\" data-id=\"000c58e\" data-element_type=\"container\" data-settings=\"{&quot;content_width&quot;:&quot;boxed&quot;}\" data-core-v316-plus=\"true\">\n\t\t\t\t\t<div class=\"e-con-inner\">\n\t\t<div class=\"elementor-element elementor-element-369245d e-con-full e-flex e-con e-child\" data-id=\"369245d\" data-element_type=\"container\" data-settings=\"{&quot;content_width&quot;:&quot;full&quot;}\">\n\t\t<div class=\"elementor-element elementor-element-d1035f5 e-con-full e-flex e-con e-child\" data-id=\"d1035f5\" data-element_type=\"container\" data-settings=\"{&quot;content_width&quot;:&quot;full&quot;}\">\n\t\t<div class=\"elementor-element elementor-element-713b2bc e-con-full e-flex e-con e-child\" data-id=\"713b2bc\" data-element_type=\"container\" data-settings=\"{&quot;content_width&quot;:&quot;full&quot;}\">\n\t\t\t\t<div class=\"elementor-element elementor-element-d56601c elementor-widget elementor-widget-heading\" data-id=\"d56601c\" data-element_type=\"widget\" data-widget_type=\"heading.default\">\n\t\t\t\t<div class=\"elementor-widget-container\">\n\t\t\t<style>\/*! elementor - v3.19.0 - 07-02-2024 *\/\n.elementor-heading-title{padding:0;margin:0;line-height:1}.elementor-widget-heading .elementor-heading-title[class*=elementor-size-]>a{color:inherit;font-size:inherit;line-height:inherit}.elementor-widget-heading .elementor-heading-title.elementor-size-small{font-size:15px}.elementor-widget-heading .elementor-heading-title.elementor-size-medium{font-size:19px}.elementor-widget-heading .elementor-heading-title.elementor-size-large{font-size:29px}.elementor-widget-heading .elementor-heading-title.elementor-size-xl{font-size:39px}.elementor-widget-heading .elementor-heading-title.elementor-size-xxl{font-size:59px}<\/style><h1 class=\"elementor-heading-title elementor-size-default\">Friends and Donors of the Association<\/h1>\t\t<\/div>\n\t\t\t\t<\/div>\n\t\t\t\t<\/div>\n\t\t<div class=\"elementor-element elementor-element-5a26b04 e-con-full e-flex e-con e-child\" data-id=\"5a26b04\" data-element_type=\"container\" data-settings=\"{&quot;content_width&quot;:&quot;full&quot;}\">\n\t\t\t\t<\/div>\n\t\t\t\t<\/div>\n\t\t\t\t<\/div>\n\t\t\t\t\t<\/div>\n\t\t\t\t<\/div>\n\t\t<div class=\"elementor-element elementor-element-1c4b862 e-flex e-con-boxed e-con e-parent\" data-id=\"1c4b862\" data-element_type=\"container\" data-settings=\"{&quot;content_width&quot;:&quot;boxed&quot;}\" data-core-v316-plus=\"true\">\n\t\t\t\t\t<div class=\"e-con-inner\">\n\t\t\t\t<div class=\"elementor-element elementor-element-a742d39 elementor-widget elementor-widget-text-editor\" data-id=\"a742d39\" data-element_type=\"widget\" data-widget_type=\"text-editor.default\">\n\t\t\t\t<div class=\"elementor-widget-container\">\n\t\t\t<style>\/*! elementor - v3.19.0 - 07-02-2024 *\/\n.elementor-widget-text-editor.elementor-drop-cap-view-stacked .elementor-drop-cap{background-color:#69727d;color:#fff}.elementor-widget-text-editor.elementor-drop-cap-view-framed .elementor-drop-cap{color:#69727d;border:3px solid;background-color:transparent}.elementor-widget-text-editor:not(.elementor-drop-cap-view-default) .elementor-drop-cap{margin-top:8px}.elementor-widget-text-editor:not(.elementor-drop-cap-view-default) .elementor-drop-cap-letter{width:1em;height:1em}.elementor-widget-text-editor .elementor-drop-cap{float:left;text-align:center;line-height:1;font-size:50px}.elementor-widget-text-editor .elementor-drop-cap-letter{display:inline-block}<\/style>\t\t\t\t<p><strong>Lista Sponsor\u00f3w\/Darczy\u0144c\u00f3w i wsp\u00f3\u0142pracuj\u0105cych Firm<\/strong><\/p><p align=\"justify\">As you all know helping those in need require not only workload of association members and volunteers. We are also in need of funds and assistance form donors. Without you we will not be able to aid and realize our statutory goals!<\/p><p align=\"justify\">We would very much like to ask you to support our initiative, we will be grateful for any help. We would like to thank you on behalf of our pupils, below is the list of our sponsors and donors. We will try to thank everyone and keep adding to the list of noble donors and sponsors.<\/p><p><strong>Offer of collaboration for Companies<\/strong><\/p><p align=\"justify\">We are very much counting on the help of local Companies, Entrepreneurs and Institutions who just like us care about the wellbeing of animals in need and improving the quality of their lives in our City. We can help each other and work together to help animals in need and protect the environment.<\/p><p align=\"justify\">We are well aware that every business profile is different and we don't want to take a generic approach to you because we highly respect every donor and sponsor. We will try to reach out to you individually, to share our projects, plans and visions. We believe that there will be Companies and people open to our projects, willing to support them and help in their implementation.<\/p><p align=\"justify\">If you find our statutory goals and objectives enticing and you are willing to join our group we would be sincerely grateful. We cordially invite you to cooperation, every form of aid is very precious to us.<\/p><p><strong>Offer of promotion, advertisement<\/strong><\/p><p align=\"justify\">The Association is in the process of developing various forms of advertising and promotion for our future Donors, Sponsors and Companies wishing to take advantage of our promotional and advertising offerings. We will try to reach to you via members of the Association and Volunteers liable for advertising and promotion.<\/p><p align=\"justify\">We sincerely invite you to contact us!<\/p><p><strong>Contribute to our activities<\/strong><\/p><p align=\"justify\">As an Association we want to implement all of our statutory goals and the planned initiatives. We are aware of the size of this challenge which we are not able to handle by ourselves. Thus we ask for support from all noble Institutions, Companies, Entrepreneurs and People to whom the fate of disadvantaged, homeless and sick animals are not indifferent.<\/p><p align=\"justify\">Together we can make a lot of good. Simultaneously we believe that we will be able to create an Association that is uniting people who cannot pass indifferently by the suffering of animals. If you resonate with our Ideas we kindly ask you to support our initiatives. Any form of assistance will be appreciated and welcomed. If you can't support us financially but you want to get actively involved in our project, please feel free to contact us.<\/p><p align=\"justify\">Thank you to all our Donors, Sponsors and Associates for all your help, work and commitment. You are Wonderful!<\/p>\t\t\t\t\t\t<\/div>\n\t\t\t\t<\/div>\n\t\t\t\t\t<\/div>\n\t\t\t\t<\/div>\n\t\t\t\t<\/div>","protected":false},"excerpt":{"rendered":"<p>Przyjaciele i sponsorzy Lista Sponsor\u00f3w\/Darczy\u0144c\u00f3w i wsp\u00f3\u0142pracuj\u0105cych Firm Jak Pa\u0144stwo doskonale wiecie niesienie pomocy wymaga nie tylko nak\u0142adu pracy cz\u0142onk\u00f3w stowarzyszenia i wolontariuszy. Potrzebujemy \u015brodk\u00f3w finansowych i wsparcia darczy\u0144c\u00f3w. Bez Was, nie b\u0119dziemy w stanie pomaga\u0107 i realizowa\u0107 naszych cel\u00f3w statutowych! Bardzo prosimy o wsparcie naszej inicjatywy, b\u0119dziemy wdzi\u0119czni za ka\u017cd\u0105 z\u0142ot\u00f3wk\u0119 i wszelk\u0105 pomoc. [&hellip;]<\/p>","protected":false},"author":1,"featured_media":0,"parent":0,"menu_order":0,"comment_status":"closed","ping_status":"closed","template":"","meta":{"site-sidebar-layout":"no-sidebar","site-content-layout":"page-builder","ast-site-content-layout":"full-width-container","site-content-style":"default","site-sidebar-style":"default","ast-global-header-display":"","ast-banner-title-visibility":"","ast-main-header-display":"","ast-hfb-above-header-display":"","ast-hfb-below-header-display":"","ast-hfb-mobile-header-display":"","site-post-title":"disabled","ast-breadcrumbs-content":"","ast-featured-img":"disabled","footer-sml-layout":"","theme-transparent-header-meta":"","adv-header-id-meta":"","stick-header-meta":"","header-above-stick-meta":"","header-main-stick-meta":"","header-below-stick-meta":"","astra-migrate-meta-layouts":"set","ast-page-background-enabled":"default","ast-page-background-meta":{"desktop":{"background-color":"","background-image":"","background-repeat":"repeat","background-position":"center center","background-size":"auto","background-attachment":"scroll","background-type":"","background-media":"","overlay-type":"","overlay-color":"","overlay-gradient":""},"tablet":{"background-color":"","background-image":"","background-repeat":"repeat","background-position":"center center","background-size":"auto","background-attachment":"scroll","background-type":"","background-media":"","overlay-type":"","overlay-color":"","overlay-gradient":""},"mobile":{"background-color":"","background-image":"","background-repeat":"repeat","background-position":"center center","background-size":"auto","background-attachment":"scroll","background-type":"","background-media":"","overlay-type":"","overlay-color":"","overlay-gradient":""}},"ast-content-background-meta":{"desktop":{"background-color":"var(--ast-global-color-5)","background-image":"","background-repeat":"repeat","background-position":"center center","background-size":"auto","background-attachment":"scroll","background-type":"","background-media":"","overlay-type":"","overlay-color":"","overlay-gradient":""},"tablet":{"background-color":"var(--ast-global-color-5)","background-image":"","background-repeat":"repeat","background-position":"center center","background-size":"auto","background-attachment":"scroll","background-type":"","background-media":"","overlay-type":"","overlay-color":"","overlay-gradient":""},"mobile":{"background-color":"var(--ast-global-color-5)","background-image":"","background-repeat":"repeat","background-position":"center center","background-size":"auto","background-attachment":"scroll","background-type":"","background-media":"","overlay-type":"","overlay-color":"","overlay-gradient":""}},"_themeisle_gutenberg_block_has_review":false,"footnotes":""},"class_list":["post-1214","page","type-page","status-publish","hentry"],"yoast_head":"<!-- This site is optimized with the Yoast SEO plugin v22.1 - https:\/\/yoast.com\/wordpress\/plugins\/seo\/ -->\n<title>Przyjaciele i sponsorzy - Stowarzyszenie Na Czterech \u0141apach<\/title>\n<meta name=\"robots\" content=\"index, follow, max-snippet:-1, max-image-preview:large, max-video-preview:-1\" \/>\n<link rel=\"canonical\" href=\"https:\/\/stowarzyszenienaczterechlapach.pl\/en\/przyjaciele-i-sponsorzy\/\" \/>\n<meta property=\"og:locale\" content=\"en_GB\" \/>\n<meta property=\"og:type\" content=\"article\" \/>\n<meta property=\"og:title\" content=\"Przyjaciele i sponsorzy - Stowarzyszenie Na Czterech \u0141apach\" \/>\n<meta property=\"og:description\" content=\"Przyjaciele i sponsorzy Lista Sponsor\u00f3w\/Darczy\u0144c\u00f3w i wsp\u00f3\u0142pracuj\u0105cych Firm Jak Pa\u0144stwo doskonale wiecie niesienie pomocy wymaga nie tylko nak\u0142adu pracy cz\u0142onk\u00f3w stowarzyszenia i wolontariuszy. Potrzebujemy \u015brodk\u00f3w finansowych i wsparcia darczy\u0144c\u00f3w. Bez Was, nie b\u0119dziemy w stanie pomaga\u0107 i realizowa\u0107 naszych cel\u00f3w statutowych! Bardzo prosimy o wsparcie naszej inicjatywy, b\u0119dziemy wdzi\u0119czni za ka\u017cd\u0105 z\u0142ot\u00f3wk\u0119 i wszelk\u0105 pomoc. [&hellip;]\" \/>\n<meta property=\"og:url\" content=\"https:\/\/stowarzyszenienaczterechlapach.pl\/en\/przyjaciele-i-sponsorzy\/\" \/>\n<meta property=\"og:site_name\" content=\"Stowarzyszenie Na Czterech \u0141apach\" \/>\n<meta property=\"article:modified_time\" content=\"2024-01-30T14:12:03+00:00\" \/>\n<meta name=\"twitter:card\" content=\"summary_large_image\" \/>\n<meta name=\"twitter:label1\" content=\"Estimated reading time\" \/>\n\t<meta name=\"twitter:data1\" content=\"3 minutes\" \/>\n<script type=\"application\/ld+json\" class=\"yoast-schema-graph\">{\"@context\":\"https:\/\/schema.org\",\"@graph\":[{\"@type\":\"WebPage\",\"@id\":\"https:\/\/stowarzyszenienaczterechlapach.pl\/przyjaciele-i-sponsorzy\/\",\"url\":\"https:\/\/stowarzyszenienaczterechlapach.pl\/przyjaciele-i-sponsorzy\/\",\"name\":\"Przyjaciele i sponsorzy - Stowarzyszenie Na Czterech \u0141apach\",\"isPartOf\":{\"@id\":\"https:\/\/stowarzyszenienaczterechlapach.pl\/#website\"},\"datePublished\":\"2024-01-26T07:38:57+00:00\",\"dateModified\":\"2024-01-30T14:12:03+00:00\",\"breadcrumb\":{\"@id\":\"https:\/\/stowarzyszenienaczterechlapach.pl\/przyjaciele-i-sponsorzy\/#breadcrumb\"},\"inLanguage\":\"en-GB\",\"potentialAction\":[{\"@type\":\"ReadAction\",\"target\":[\"https:\/\/stowarzyszenienaczterechlapach.pl\/przyjaciele-i-sponsorzy\/\"]}]},{\"@type\":\"BreadcrumbList\",\"@id\":\"https:\/\/stowarzyszenienaczterechlapach.pl\/przyjaciele-i-sponsorzy\/#breadcrumb\",\"itemListElement\":[{\"@type\":\"ListItem\",\"position\":1,\"name\":\"Strona g\u0142\u00f3wna\",\"item\":\"https:\/\/stowarzyszenienaczterechlapach.pl\/\"},{\"@type\":\"ListItem\",\"position\":2,\"name\":\"Przyjaciele i sponsorzy\"}]},{\"@type\":\"WebSite\",\"@id\":\"https:\/\/stowarzyszenienaczterechlapach.pl\/#website\",\"url\":\"https:\/\/stowarzyszenienaczterechlapach.pl\/\",\"name\":\"Stowarzyszenie Na Czterech \u0141apach\",\"description\":\"\",\"publisher\":{\"@id\":\"https:\/\/stowarzyszenienaczterechlapach.pl\/#organization\"},\"potentialAction\":[{\"@type\":\"SearchAction\",\"target\":{\"@type\":\"EntryPoint\",\"urlTemplate\":\"https:\/\/stowarzyszenienaczterechlapach.pl\/?s={search_term_string}\"},\"query-input\":\"required name=search_term_string\"}],\"inLanguage\":\"en-GB\"},{\"@type\":\"Organization\",\"@id\":\"https:\/\/stowarzyszenienaczterechlapach.pl\/#organization\",\"name\":\"Stowarzyszenie Na Czterech \u0141apach\",\"url\":\"https:\/\/stowarzyszenienaczterechlapach.pl\/\",\"logo\":{\"@type\":\"ImageObject\",\"inLanguage\":\"en-GB\",\"@id\":\"https:\/\/stowarzyszenienaczterechlapach.pl\/#\/schema\/logo\/image\/\",\"url\":\"https:\/\/stowarzyszenienaczterechlapach.pl\/wp-content\/uploads\/2024\/01\/Titu-4.svg\",\"contentUrl\":\"https:\/\/stowarzyszenienaczterechlapach.pl\/wp-content\/uploads\/2024\/01\/Titu-4.svg\",\"width\":500,\"height\":500,\"caption\":\"Stowarzyszenie Na Czterech \u0141apach\"},\"image\":{\"@id\":\"https:\/\/stowarzyszenienaczterechlapach.pl\/#\/schema\/logo\/image\/\"}}]}<\/script>\n<!-- \/ Yoast SEO plugin. -->","yoast_head_json":{"title":"Przyjaciele i sponsorzy - Stowarzyszenie Na Czterech \u0141apach","robots":{"index":"index","follow":"follow","max-snippet":"max-snippet:-1","max-image-preview":"max-image-preview:large","max-video-preview":"max-video-preview:-1"},"canonical":"https:\/\/stowarzyszenienaczterechlapach.pl\/en\/przyjaciele-i-sponsorzy\/","og_locale":"en_GB","og_type":"article","og_title":"Przyjaciele i sponsorzy - Stowarzyszenie Na Czterech \u0141apach","og_description":"Przyjaciele i sponsorzy Lista Sponsor\u00f3w\/Darczy\u0144c\u00f3w i wsp\u00f3\u0142pracuj\u0105cych Firm Jak Pa\u0144stwo doskonale wiecie niesienie pomocy wymaga nie tylko nak\u0142adu pracy cz\u0142onk\u00f3w stowarzyszenia i wolontariuszy. Potrzebujemy \u015brodk\u00f3w finansowych i wsparcia darczy\u0144c\u00f3w. Bez Was, nie b\u0119dziemy w stanie pomaga\u0107 i realizowa\u0107 naszych cel\u00f3w statutowych! Bardzo prosimy o wsparcie naszej inicjatywy, b\u0119dziemy wdzi\u0119czni za ka\u017cd\u0105 z\u0142ot\u00f3wk\u0119 i wszelk\u0105 pomoc. [&hellip;]","og_url":"https:\/\/stowarzyszenienaczterechlapach.pl\/en\/przyjaciele-i-sponsorzy\/","og_site_name":"Stowarzyszenie Na Czterech \u0141apach","article_modified_time":"2024-01-30T14:12:03+00:00","twitter_card":"summary_large_image","twitter_misc":{"Estimated reading time":"3 minutes"},"schema":{"@context":"https:\/\/schema.org","@graph":[{"@type":"WebPage","@id":"https:\/\/stowarzyszenienaczterechlapach.pl\/przyjaciele-i-sponsorzy\/","url":"https:\/\/stowarzyszenienaczterechlapach.pl\/przyjaciele-i-sponsorzy\/","name":"Przyjaciele i sponsorzy - Stowarzyszenie Na Czterech \u0141apach","isPartOf":{"@id":"https:\/\/stowarzyszenienaczterechlapach.pl\/#website"},"datePublished":"2024-01-26T07:38:57+00:00","dateModified":"2024-01-30T14:12:03+00:00","breadcrumb":{"@id":"https:\/\/stowarzyszenienaczterechlapach.pl\/przyjaciele-i-sponsorzy\/#breadcrumb"},"inLanguage":"en-GB","potentialAction":[{"@type":"ReadAction","target":["https:\/\/stowarzyszenienaczterechlapach.pl\/przyjaciele-i-sponsorzy\/"]}]},{"@type":"BreadcrumbList","@id":"https:\/\/stowarzyszenienaczterechlapach.pl\/przyjaciele-i-sponsorzy\/#breadcrumb","itemListElement":[{"@type":"ListItem","position":1,"name":"Strona g\u0142\u00f3wna","item":"https:\/\/stowarzyszenienaczterechlapach.pl\/"},{"@type":"ListItem","position":2,"name":"Przyjaciele i sponsorzy"}]},{"@type":"WebSite","@id":"https:\/\/stowarzyszenienaczterechlapach.pl\/#website","url":"https:\/\/stowarzyszenienaczterechlapach.pl\/","name":"Stowarzyszenie Na Czterech \u0141apach","description":"","publisher":{"@id":"https:\/\/stowarzyszenienaczterechlapach.pl\/#organization"},"potentialAction":[{"@type":"SearchAction","target":{"@type":"EntryPoint","urlTemplate":"https:\/\/stowarzyszenienaczterechlapach.pl\/?s={search_term_string}"},"query-input":"required name=search_term_string"}],"inLanguage":"en-GB"},{"@type":"Organization","@id":"https:\/\/stowarzyszenienaczterechlapach.pl\/#organization","name":"Stowarzyszenie Na Czterech \u0141apach","url":"https:\/\/stowarzyszenienaczterechlapach.pl\/","logo":{"@type":"ImageObject","inLanguage":"en-GB","@id":"https:\/\/stowarzyszenienaczterechlapach.pl\/#\/schema\/logo\/image\/","url":"https:\/\/stowarzyszenienaczterechlapach.pl\/wp-content\/uploads\/2024\/01\/Titu-4.svg","contentUrl":"https:\/\/stowarzyszenienaczterechlapach.pl\/wp-content\/uploads\/2024\/01\/Titu-4.svg","width":500,"height":500,"caption":"Stowarzyszenie Na Czterech \u0141apach"},"image":{"@id":"https:\/\/stowarzyszenienaczterechlapach.pl\/#\/schema\/logo\/image\/"}}]}},"_links":{"self":[{"href":"https:\/\/stowarzyszenienaczterechlapach.pl\/en\/wp-json\/wp\/v2\/pages\/1214","targetHints":{"allow":["GET"]}}],"collection":[{"href":"https:\/\/stowarzyszenienaczterechlapach.pl\/en\/wp-json\/wp\/v2\/pages"}],"about":[{"href":"https:\/\/stowarzyszenienaczterechlapach.pl\/en\/wp-json\/wp\/v2\/types\/page"}],"author":[{"embeddable":true,"href":"https:\/\/stowarzyszenienaczterechlapach.pl\/en\/wp-json\/wp\/v2\/users\/1"}],"replies":[{"embeddable":true,"href":"https:\/\/stowarzyszenienaczterechlapach.pl\/en\/wp-json\/wp\/v2\/comments?post=1214"}],"version-history":[{"count":7,"href":"https:\/\/stowarzyszenienaczterechlapach.pl\/en\/wp-json\/wp\/v2\/pages\/1214\/revisions"}],"predecessor-version":[{"id":1247,"href":"https:\/\/stowarzyszenienaczterechlapach.pl\/en\/wp-json\/wp\/v2\/pages\/1214\/revisions\/1247"}],"wp:attachment":[{"href":"https:\/\/stowarzyszenienaczterechlapach.pl\/en\/wp-json\/wp\/v2\/media?parent=1214"}],"curies":[{"name":"wp","href":"https:\/\/api.w.org\/{rel}","templated":true}]}}