{"id":1209,"date":"2024-01-26T08:37:34","date_gmt":"2024-01-26T07:37:34","guid":{"rendered":"https:\/\/stowarzyszenienaczterechlapach.pl\/?page_id=1209"},"modified":"2024-01-30T15:10:26","modified_gmt":"2024-01-30T14:10:26","slug":"szkolenia-i-wydarzenia","status":"publish","type":"page","link":"https:\/\/stowarzyszenienaczterechlapach.pl\/en\/szkolenia-i-wydarzenia\/","title":{"rendered":"Courses and events"},"content":{"rendered":"<div data-elementor-type=\"wp-page\" data-elementor-id=\"1209\" class=\"elementor elementor-1209\">\n\t\t\t\t<div class=\"elementor-element elementor-element-0bede99 e-flex e-con-boxed e-con e-parent\" data-id=\"0bede99\" data-element_type=\"container\" data-settings=\"{&quot;content_width&quot;:&quot;boxed&quot;}\" data-core-v316-plus=\"true\">\n\t\t\t\t\t<div class=\"e-con-inner\">\n\t\t<div class=\"elementor-element elementor-element-6de7745 e-con-full e-flex e-con e-child\" data-id=\"6de7745\" data-element_type=\"container\" data-settings=\"{&quot;content_width&quot;:&quot;full&quot;}\">\n\t\t<div class=\"elementor-element elementor-element-751caec e-con-full e-flex e-con e-child\" data-id=\"751caec\" data-element_type=\"container\" data-settings=\"{&quot;content_width&quot;:&quot;full&quot;}\">\n\t\t<div class=\"elementor-element elementor-element-b5c86dc e-con-full e-flex e-con e-child\" data-id=\"b5c86dc\" data-element_type=\"container\" data-settings=\"{&quot;content_width&quot;:&quot;full&quot;}\">\n\t\t\t\t<div class=\"elementor-element elementor-element-62f4d1f elementor-widget elementor-widget-heading\" data-id=\"62f4d1f\" data-element_type=\"widget\" data-widget_type=\"heading.default\">\n\t\t\t\t<div class=\"elementor-widget-container\">\n\t\t\t<style>\/*! elementor - v3.19.0 - 07-02-2024 *\/\n.elementor-heading-title{padding:0;margin:0;line-height:1}.elementor-widget-heading .elementor-heading-title[class*=elementor-size-]>a{color:inherit;font-size:inherit;line-height:inherit}.elementor-widget-heading .elementor-heading-title.elementor-size-small{font-size:15px}.elementor-widget-heading .elementor-heading-title.elementor-size-medium{font-size:19px}.elementor-widget-heading .elementor-heading-title.elementor-size-large{font-size:29px}.elementor-widget-heading .elementor-heading-title.elementor-size-xl{font-size:39px}.elementor-widget-heading .elementor-heading-title.elementor-size-xxl{font-size:59px}<\/style><h1 class=\"elementor-heading-title elementor-size-default\">Courses and events<\/h1>\t\t<\/div>\n\t\t\t\t<\/div>\n\t\t\t\t<\/div>\n\t\t<div class=\"elementor-element elementor-element-0ddbf5e e-con-full e-flex e-con e-child\" data-id=\"0ddbf5e\" data-element_type=\"container\" data-settings=\"{&quot;content_width&quot;:&quot;full&quot;}\">\n\t\t\t\t<\/div>\n\t\t\t\t<\/div>\n\t\t\t\t<\/div>\n\t\t\t\t\t<\/div>\n\t\t\t\t<\/div>\n\t\t<div class=\"elementor-element elementor-element-67ba5ec e-flex e-con-boxed e-con e-parent\" data-id=\"67ba5ec\" data-element_type=\"container\" data-settings=\"{&quot;content_width&quot;:&quot;boxed&quot;}\" data-core-v316-plus=\"true\">\n\t\t\t\t\t<div class=\"e-con-inner\">\n\t\t\t\t<div class=\"elementor-element elementor-element-6ae3fd0 elementor-widget elementor-widget-text-editor\" data-id=\"6ae3fd0\" data-element_type=\"widget\" data-widget_type=\"text-editor.default\">\n\t\t\t\t<div class=\"elementor-widget-container\">\n\t\t\t<style>\/*! elementor - v3.19.0 - 07-02-2024 *\/\n.elementor-widget-text-editor.elementor-drop-cap-view-stacked .elementor-drop-cap{background-color:#69727d;color:#fff}.elementor-widget-text-editor.elementor-drop-cap-view-framed .elementor-drop-cap{color:#69727d;border:3px solid;background-color:transparent}.elementor-widget-text-editor:not(.elementor-drop-cap-view-default) .elementor-drop-cap{margin-top:8px}.elementor-widget-text-editor:not(.elementor-drop-cap-view-default) .elementor-drop-cap-letter{width:1em;height:1em}.elementor-widget-text-editor .elementor-drop-cap{float:left;text-align:center;line-height:1;font-size:50px}.elementor-widget-text-editor .elementor-drop-cap-letter{display:inline-block}<\/style>\t\t\t\t<p><strong>Proposals, plans and schedule of courses<\/strong><\/p><p align=\"justify\">In the nearest future we will post and offer and schedule of courses, trainings and lectures organized by the Association. We invite you to our website or direct contact with \u2018\u2019On four paws\u2019\u2019 Association or the Hotel \u2018\u2019Akita and Friends\u2019\u2019.<\/p><p><strong>Meetings, educational trips<\/strong><\/p><p align=\"justify\">In the nearest future we will post and offer and schedule of courses, trainings and lectures organized by the Association. We invite you to cooperation, those who are interested we ask for sending submissions to be  via email.<\/p><p align=\"justify\">We invite you to our website or direct contact with \u2018\u2019On four paws\u2019\u2019 Association or the Hotel \u2018\u2019Akita and Friends\u2019\u2019.<\/p><p><strong>Proposal of collaboration for Schools and therapeutic centres<\/strong><\/p><p align=\"justify\">In the nearest future we will post and offer and schedule of courses, trainings and lectures organized by the Association. We invite you to cooperation, those who are interested we ask for sending submissions to be  via email.<\/p><p align=\"justify\">We invite you to our website or direct contact with \u2018\u2019On four paws\u2019\u2019 Association or the Hotel \u2018\u2019Akita and Friends\u2019\u2019.<\/p><p>Proposal of cooperation: shelters, Foundations, Associations, Temporary Homes, etc.<\/p><p align=\"justify\">We are counting on cooperating with you. We ask those interested to contact us, from our side we will try as far as possible to reach the widest possible range of Companies, organizations and people who care about the welfare of animals.<\/p><p align=\"justify\">Below we will be posting a list of institutions cooperating with us, we will describe the scope and form of our cooperation.<\/p><p>Proposal of cooperation: veterinary offices, therapeutic and treatment centres;<\/p><p align=\"justify\">We are counting on cooperating with you. We ask those interested to contact us, from our side we will try as far as possible to reach the widest possible range of clinics, therapeutic centres and people who care about the welfare of animals.<\/p><p align=\"justify\">Below we will be posting a list of entities cooperating with us, we will describe the scope and form of our cooperation.<\/p>\t\t\t\t\t\t<\/div>\n\t\t\t\t<\/div>\n\t\t\t\t\t<\/div>\n\t\t\t\t<\/div>\n\t\t\t\t<\/div>","protected":false},"excerpt":{"rendered":"<p>Szkolenia i wydarzenia Propozycje, plany i terminarz szkole\u0144 W najbli\u017cszym czasie umie\u015bcimy ofert\u0119 oraz terminarz przeprowadzanych przez Stowarzyszenie kurs\u00f3w, szkole\u0144 oraz prelekcji. Zapraszamy do odwiedzania naszej strony lub do bezpo\u015bredniego kontaktu ze Stowarzyszeniem \u201ena czterech \u0142apach\u201d lub Pensjonatem \u201eAkita i Przyjaciele\u201d. Spotkania, wyjazdy edukacyjne W najbli\u017cszym czasie umie\u015bcimy ofert\u0119 oraz terminarz przeprowadzanych przez Stowarzyszenie kurs\u00f3w, [&hellip;]<\/p>","protected":false},"author":1,"featured_media":0,"parent":0,"menu_order":0,"comment_status":"closed","ping_status":"closed","template":"","meta":{"site-sidebar-layout":"no-sidebar","site-content-layout":"page-builder","ast-site-content-layout":"full-width-container","site-content-style":"default","site-sidebar-style":"default","ast-global-header-display":"","ast-banner-title-visibility":"","ast-main-header-display":"","ast-hfb-above-header-display":"","ast-hfb-below-header-display":"","ast-hfb-mobile-header-display":"","site-post-title":"disabled","ast-breadcrumbs-content":"","ast-featured-img":"disabled","footer-sml-layout":"","theme-transparent-header-meta":"","adv-header-id-meta":"","stick-header-meta":"","header-above-stick-meta":"","header-main-stick-meta":"","header-below-stick-meta":"","astra-migrate-meta-layouts":"set","ast-page-background-enabled":"default","ast-page-background-meta":{"desktop":{"background-color":"","background-image":"","background-repeat":"repeat","background-position":"center center","background-size":"auto","background-attachment":"scroll","background-type":"","background-media":"","overlay-type":"","overlay-color":"","overlay-gradient":""},"tablet":{"background-color":"","background-image":"","background-repeat":"repeat","background-position":"center center","background-size":"auto","background-attachment":"scroll","background-type":"","background-media":"","overlay-type":"","overlay-color":"","overlay-gradient":""},"mobile":{"background-color":"","background-image":"","background-repeat":"repeat","background-position":"center center","background-size":"auto","background-attachment":"scroll","background-type":"","background-media":"","overlay-type":"","overlay-color":"","overlay-gradient":""}},"ast-content-background-meta":{"desktop":{"background-color":"var(--ast-global-color-5)","background-image":"","background-repeat":"repeat","background-position":"center center","background-size":"auto","background-attachment":"scroll","background-type":"","background-media":"","overlay-type":"","overlay-color":"","overlay-gradient":""},"tablet":{"background-color":"var(--ast-global-color-5)","background-image":"","background-repeat":"repeat","background-position":"center center","background-size":"auto","background-attachment":"scroll","background-type":"","background-media":"","overlay-type":"","overlay-color":"","overlay-gradient":""},"mobile":{"background-color":"var(--ast-global-color-5)","background-image":"","background-repeat":"repeat","background-position":"center center","background-size":"auto","background-attachment":"scroll","background-type":"","background-media":"","overlay-type":"","overlay-color":"","overlay-gradient":""}},"_themeisle_gutenberg_block_has_review":false,"footnotes":""},"class_list":["post-1209","page","type-page","status-publish","hentry"],"yoast_head":"<!-- This site is optimized with the Yoast SEO plugin v22.1 - https:\/\/yoast.com\/wordpress\/plugins\/seo\/ -->\n<title>Szkolenia i wydarzenia - Stowarzyszenie Na Czterech \u0141apach<\/title>\n<meta name=\"robots\" content=\"index, follow, max-snippet:-1, max-image-preview:large, max-video-preview:-1\" \/>\n<link rel=\"canonical\" href=\"https:\/\/stowarzyszenienaczterechlapach.pl\/en\/szkolenia-i-wydarzenia\/\" \/>\n<meta property=\"og:locale\" content=\"en_GB\" \/>\n<meta property=\"og:type\" content=\"article\" \/>\n<meta property=\"og:title\" content=\"Szkolenia i wydarzenia - Stowarzyszenie Na Czterech \u0141apach\" \/>\n<meta property=\"og:description\" content=\"Szkolenia i wydarzenia Propozycje, plany i terminarz szkole\u0144 W najbli\u017cszym czasie umie\u015bcimy ofert\u0119 oraz terminarz przeprowadzanych przez Stowarzyszenie kurs\u00f3w, szkole\u0144 oraz prelekcji. Zapraszamy do odwiedzania naszej strony lub do bezpo\u015bredniego kontaktu ze Stowarzyszeniem \u201ena czterech \u0142apach\u201d lub Pensjonatem \u201eAkita i Przyjaciele\u201d. Spotkania, wyjazdy edukacyjne W najbli\u017cszym czasie umie\u015bcimy ofert\u0119 oraz terminarz przeprowadzanych przez Stowarzyszenie kurs\u00f3w, [&hellip;]\" \/>\n<meta property=\"og:url\" content=\"https:\/\/stowarzyszenienaczterechlapach.pl\/en\/szkolenia-i-wydarzenia\/\" \/>\n<meta property=\"og:site_name\" content=\"Stowarzyszenie Na Czterech \u0141apach\" \/>\n<meta property=\"article:modified_time\" content=\"2024-01-30T14:10:26+00:00\" \/>\n<meta name=\"twitter:card\" content=\"summary_large_image\" \/>\n<meta name=\"twitter:label1\" content=\"Estimated reading time\" \/>\n\t<meta name=\"twitter:data1\" content=\"2 minutes\" \/>\n<script type=\"application\/ld+json\" class=\"yoast-schema-graph\">{\"@context\":\"https:\/\/schema.org\",\"@graph\":[{\"@type\":\"WebPage\",\"@id\":\"https:\/\/stowarzyszenienaczterechlapach.pl\/szkolenia-i-wydarzenia\/\",\"url\":\"https:\/\/stowarzyszenienaczterechlapach.pl\/szkolenia-i-wydarzenia\/\",\"name\":\"Szkolenia i wydarzenia - Stowarzyszenie Na Czterech \u0141apach\",\"isPartOf\":{\"@id\":\"https:\/\/stowarzyszenienaczterechlapach.pl\/#website\"},\"datePublished\":\"2024-01-26T07:37:34+00:00\",\"dateModified\":\"2024-01-30T14:10:26+00:00\",\"breadcrumb\":{\"@id\":\"https:\/\/stowarzyszenienaczterechlapach.pl\/szkolenia-i-wydarzenia\/#breadcrumb\"},\"inLanguage\":\"en-GB\",\"potentialAction\":[{\"@type\":\"ReadAction\",\"target\":[\"https:\/\/stowarzyszenienaczterechlapach.pl\/szkolenia-i-wydarzenia\/\"]}]},{\"@type\":\"BreadcrumbList\",\"@id\":\"https:\/\/stowarzyszenienaczterechlapach.pl\/szkolenia-i-wydarzenia\/#breadcrumb\",\"itemListElement\":[{\"@type\":\"ListItem\",\"position\":1,\"name\":\"Strona g\u0142\u00f3wna\",\"item\":\"https:\/\/stowarzyszenienaczterechlapach.pl\/\"},{\"@type\":\"ListItem\",\"position\":2,\"name\":\"Szkolenia i wydarzenia\"}]},{\"@type\":\"WebSite\",\"@id\":\"https:\/\/stowarzyszenienaczterechlapach.pl\/#website\",\"url\":\"https:\/\/stowarzyszenienaczterechlapach.pl\/\",\"name\":\"Stowarzyszenie Na Czterech \u0141apach\",\"description\":\"\",\"publisher\":{\"@id\":\"https:\/\/stowarzyszenienaczterechlapach.pl\/#organization\"},\"potentialAction\":[{\"@type\":\"SearchAction\",\"target\":{\"@type\":\"EntryPoint\",\"urlTemplate\":\"https:\/\/stowarzyszenienaczterechlapach.pl\/?s={search_term_string}\"},\"query-input\":\"required name=search_term_string\"}],\"inLanguage\":\"en-GB\"},{\"@type\":\"Organization\",\"@id\":\"https:\/\/stowarzyszenienaczterechlapach.pl\/#organization\",\"name\":\"Stowarzyszenie Na Czterech \u0141apach\",\"url\":\"https:\/\/stowarzyszenienaczterechlapach.pl\/\",\"logo\":{\"@type\":\"ImageObject\",\"inLanguage\":\"en-GB\",\"@id\":\"https:\/\/stowarzyszenienaczterechlapach.pl\/#\/schema\/logo\/image\/\",\"url\":\"https:\/\/stowarzyszenienaczterechlapach.pl\/wp-content\/uploads\/2024\/01\/Titu-4.svg\",\"contentUrl\":\"https:\/\/stowarzyszenienaczterechlapach.pl\/wp-content\/uploads\/2024\/01\/Titu-4.svg\",\"width\":500,\"height\":500,\"caption\":\"Stowarzyszenie Na Czterech \u0141apach\"},\"image\":{\"@id\":\"https:\/\/stowarzyszenienaczterechlapach.pl\/#\/schema\/logo\/image\/\"}}]}<\/script>\n<!-- \/ Yoast SEO plugin. -->","yoast_head_json":{"title":"Szkolenia i wydarzenia - Stowarzyszenie Na Czterech \u0141apach","robots":{"index":"index","follow":"follow","max-snippet":"max-snippet:-1","max-image-preview":"max-image-preview:large","max-video-preview":"max-video-preview:-1"},"canonical":"https:\/\/stowarzyszenienaczterechlapach.pl\/en\/szkolenia-i-wydarzenia\/","og_locale":"en_GB","og_type":"article","og_title":"Szkolenia i wydarzenia - Stowarzyszenie Na Czterech \u0141apach","og_description":"Szkolenia i wydarzenia Propozycje, plany i terminarz szkole\u0144 W najbli\u017cszym czasie umie\u015bcimy ofert\u0119 oraz terminarz przeprowadzanych przez Stowarzyszenie kurs\u00f3w, szkole\u0144 oraz prelekcji. Zapraszamy do odwiedzania naszej strony lub do bezpo\u015bredniego kontaktu ze Stowarzyszeniem \u201ena czterech \u0142apach\u201d lub Pensjonatem \u201eAkita i Przyjaciele\u201d. Spotkania, wyjazdy edukacyjne W najbli\u017cszym czasie umie\u015bcimy ofert\u0119 oraz terminarz przeprowadzanych przez Stowarzyszenie kurs\u00f3w, [&hellip;]","og_url":"https:\/\/stowarzyszenienaczterechlapach.pl\/en\/szkolenia-i-wydarzenia\/","og_site_name":"Stowarzyszenie Na Czterech \u0141apach","article_modified_time":"2024-01-30T14:10:26+00:00","twitter_card":"summary_large_image","twitter_misc":{"Estimated reading time":"2 minutes"},"schema":{"@context":"https:\/\/schema.org","@graph":[{"@type":"WebPage","@id":"https:\/\/stowarzyszenienaczterechlapach.pl\/szkolenia-i-wydarzenia\/","url":"https:\/\/stowarzyszenienaczterechlapach.pl\/szkolenia-i-wydarzenia\/","name":"Szkolenia i wydarzenia - Stowarzyszenie Na Czterech \u0141apach","isPartOf":{"@id":"https:\/\/stowarzyszenienaczterechlapach.pl\/#website"},"datePublished":"2024-01-26T07:37:34+00:00","dateModified":"2024-01-30T14:10:26+00:00","breadcrumb":{"@id":"https:\/\/stowarzyszenienaczterechlapach.pl\/szkolenia-i-wydarzenia\/#breadcrumb"},"inLanguage":"en-GB","potentialAction":[{"@type":"ReadAction","target":["https:\/\/stowarzyszenienaczterechlapach.pl\/szkolenia-i-wydarzenia\/"]}]},{"@type":"BreadcrumbList","@id":"https:\/\/stowarzyszenienaczterechlapach.pl\/szkolenia-i-wydarzenia\/#breadcrumb","itemListElement":[{"@type":"ListItem","position":1,"name":"Strona g\u0142\u00f3wna","item":"https:\/\/stowarzyszenienaczterechlapach.pl\/"},{"@type":"ListItem","position":2,"name":"Szkolenia i wydarzenia"}]},{"@type":"WebSite","@id":"https:\/\/stowarzyszenienaczterechlapach.pl\/#website","url":"https:\/\/stowarzyszenienaczterechlapach.pl\/","name":"Stowarzyszenie Na Czterech \u0141apach","description":"","publisher":{"@id":"https:\/\/stowarzyszenienaczterechlapach.pl\/#organization"},"potentialAction":[{"@type":"SearchAction","target":{"@type":"EntryPoint","urlTemplate":"https:\/\/stowarzyszenienaczterechlapach.pl\/?s={search_term_string}"},"query-input":"required name=search_term_string"}],"inLanguage":"en-GB"},{"@type":"Organization","@id":"https:\/\/stowarzyszenienaczterechlapach.pl\/#organization","name":"Stowarzyszenie Na Czterech \u0141apach","url":"https:\/\/stowarzyszenienaczterechlapach.pl\/","logo":{"@type":"ImageObject","inLanguage":"en-GB","@id":"https:\/\/stowarzyszenienaczterechlapach.pl\/#\/schema\/logo\/image\/","url":"https:\/\/stowarzyszenienaczterechlapach.pl\/wp-content\/uploads\/2024\/01\/Titu-4.svg","contentUrl":"https:\/\/stowarzyszenienaczterechlapach.pl\/wp-content\/uploads\/2024\/01\/Titu-4.svg","width":500,"height":500,"caption":"Stowarzyszenie Na Czterech \u0141apach"},"image":{"@id":"https:\/\/stowarzyszenienaczterechlapach.pl\/#\/schema\/logo\/image\/"}}]}},"_links":{"self":[{"href":"https:\/\/stowarzyszenienaczterechlapach.pl\/en\/wp-json\/wp\/v2\/pages\/1209","targetHints":{"allow":["GET"]}}],"collection":[{"href":"https:\/\/stowarzyszenienaczterechlapach.pl\/en\/wp-json\/wp\/v2\/pages"}],"about":[{"href":"https:\/\/stowarzyszenienaczterechlapach.pl\/en\/wp-json\/wp\/v2\/types\/page"}],"author":[{"embeddable":true,"href":"https:\/\/stowarzyszenienaczterechlapach.pl\/en\/wp-json\/wp\/v2\/users\/1"}],"replies":[{"embeddable":true,"href":"https:\/\/stowarzyszenienaczterechlapach.pl\/en\/wp-json\/wp\/v2\/comments?post=1209"}],"version-history":[{"count":7,"href":"https:\/\/stowarzyszenienaczterechlapach.pl\/en\/wp-json\/wp\/v2\/pages\/1209\/revisions"}],"predecessor-version":[{"id":1244,"href":"https:\/\/stowarzyszenienaczterechlapach.pl\/en\/wp-json\/wp\/v2\/pages\/1209\/revisions\/1244"}],"wp:attachment":[{"href":"https:\/\/stowarzyszenienaczterechlapach.pl\/en\/wp-json\/wp\/v2\/media?parent=1209"}],"curies":[{"name":"wp","href":"https:\/\/api.w.org\/{rel}","templated":true}]}}