{"id":1199,"date":"2024-01-26T08:34:09","date_gmt":"2024-01-26T07:34:09","guid":{"rendered":"https:\/\/stowarzyszenienaczterechlapach.pl\/?page_id=1199"},"modified":"2024-01-30T14:52:29","modified_gmt":"2024-01-30T13:52:29","slug":"wspolpraca","status":"publish","type":"page","link":"https:\/\/stowarzyszenienaczterechlapach.pl\/en\/wspolpraca\/","title":{"rendered":"Collaboration"},"content":{"rendered":"<div data-elementor-type=\"wp-page\" data-elementor-id=\"1199\" class=\"elementor elementor-1199\">\n\t\t\t\t<div class=\"elementor-element elementor-element-f4df200 e-flex e-con-boxed e-con e-parent\" data-id=\"f4df200\" data-element_type=\"container\" data-settings=\"{&quot;content_width&quot;:&quot;boxed&quot;}\" data-core-v316-plus=\"true\">\n\t\t\t\t\t<div class=\"e-con-inner\">\n\t\t<div class=\"elementor-element elementor-element-2e86164 e-con-full e-flex e-con e-child\" data-id=\"2e86164\" data-element_type=\"container\" data-settings=\"{&quot;content_width&quot;:&quot;full&quot;}\">\n\t\t<div class=\"elementor-element elementor-element-3b0f304 e-con-full e-flex e-con e-child\" data-id=\"3b0f304\" data-element_type=\"container\" data-settings=\"{&quot;content_width&quot;:&quot;full&quot;}\">\n\t\t<div class=\"elementor-element elementor-element-edf8a43 e-con-full e-flex e-con e-child\" data-id=\"edf8a43\" data-element_type=\"container\" data-settings=\"{&quot;content_width&quot;:&quot;full&quot;}\">\n\t\t\t\t<div class=\"elementor-element elementor-element-59d8d93 elementor-widget elementor-widget-heading\" data-id=\"59d8d93\" data-element_type=\"widget\" data-widget_type=\"heading.default\">\n\t\t\t\t<div class=\"elementor-widget-container\">\n\t\t\t<style>\/*! elementor - v3.19.0 - 07-02-2024 *\/\n.elementor-heading-title{padding:0;margin:0;line-height:1}.elementor-widget-heading .elementor-heading-title[class*=elementor-size-]>a{color:inherit;font-size:inherit;line-height:inherit}.elementor-widget-heading .elementor-heading-title.elementor-size-small{font-size:15px}.elementor-widget-heading .elementor-heading-title.elementor-size-medium{font-size:19px}.elementor-widget-heading .elementor-heading-title.elementor-size-large{font-size:29px}.elementor-widget-heading .elementor-heading-title.elementor-size-xl{font-size:39px}.elementor-widget-heading .elementor-heading-title.elementor-size-xxl{font-size:59px}<\/style><h1 class=\"elementor-heading-title elementor-size-default\">Collaboration<\/h1>\t\t<\/div>\n\t\t\t\t<\/div>\n\t\t\t\t<\/div>\n\t\t<div class=\"elementor-element elementor-element-106829e e-con-full e-flex e-con e-child\" data-id=\"106829e\" data-element_type=\"container\" data-settings=\"{&quot;content_width&quot;:&quot;full&quot;}\">\n\t\t\t\t<\/div>\n\t\t\t\t<\/div>\n\t\t\t\t<\/div>\n\t\t\t\t\t<\/div>\n\t\t\t\t<\/div>\n\t\t<div class=\"elementor-element elementor-element-ba2014b e-flex e-con-boxed e-con e-parent\" data-id=\"ba2014b\" data-element_type=\"container\" data-settings=\"{&quot;content_width&quot;:&quot;boxed&quot;}\" data-core-v316-plus=\"true\">\n\t\t\t\t\t<div class=\"e-con-inner\">\n\t\t\t\t<div class=\"elementor-element elementor-element-484b319 elementor-widget elementor-widget-text-editor\" data-id=\"484b319\" data-element_type=\"widget\" data-widget_type=\"text-editor.default\">\n\t\t\t\t<div class=\"elementor-widget-container\">\n\t\t\t<style>\/*! elementor - v3.19.0 - 07-02-2024 *\/\n.elementor-widget-text-editor.elementor-drop-cap-view-stacked .elementor-drop-cap{background-color:#69727d;color:#fff}.elementor-widget-text-editor.elementor-drop-cap-view-framed .elementor-drop-cap{color:#69727d;border:3px solid;background-color:transparent}.elementor-widget-text-editor:not(.elementor-drop-cap-view-default) .elementor-drop-cap{margin-top:8px}.elementor-widget-text-editor:not(.elementor-drop-cap-view-default) .elementor-drop-cap-letter{width:1em;height:1em}.elementor-widget-text-editor .elementor-drop-cap{float:left;text-align:center;line-height:1;font-size:50px}.elementor-widget-text-editor .elementor-drop-cap-letter{display:inline-block}<\/style>\t\t\t\t<p>We cordially invite local institutions such as Entities and Companies that share our interests, passions and who are guided by the idea of improving the fate of animals, to cooperation. Together we can aid homeless and affected animals in need of support.<\/p><ol><li>Institutions<br \/>(space for description)<\/li><li>Organizations<br \/>(space for description)<\/li><li>Companies, business entities<br \/>(space for description)<\/li><\/ol>\t\t\t\t\t\t<\/div>\n\t\t\t\t<\/div>\n\t\t\t\t\t<\/div>\n\t\t\t\t<\/div>\n\t\t\t\t<\/div>","protected":false},"excerpt":{"rendered":"<p>Wsp\u00f3\u0142praca Serdecznie zapraszamy do Wsp\u00f3\u0142pracy lokalne Instytucje, Organizacje oraz Firmy, kt\u00f3re dziel\u0105 z nami zainteresowania, pasje i kt\u00f3rym przy\u015bwieca idea poprawy losu zwierz\u0105t. Razem mo\u017cemy zdzia\u0142a\u0107 wiele dobrego dla bezdomnych, poszkodowanych i potrzebuj\u0105cych wsparcia zwierz\u0105t. Instytucje:(miejsce na opis) Organizacje:(miejsce na opis) Firmy, podmioty gospodarcze:(miejsce na opis)<\/p>","protected":false},"author":1,"featured_media":0,"parent":0,"menu_order":0,"comment_status":"closed","ping_status":"closed","template":"","meta":{"site-sidebar-layout":"no-sidebar","site-content-layout":"page-builder","ast-site-content-layout":"full-width-container","site-content-style":"default","site-sidebar-style":"default","ast-global-header-display":"","ast-banner-title-visibility":"","ast-main-header-display":"","ast-hfb-above-header-display":"","ast-hfb-below-header-display":"","ast-hfb-mobile-header-display":"","site-post-title":"disabled","ast-breadcrumbs-content":"","ast-featured-img":"disabled","footer-sml-layout":"","theme-transparent-header-meta":"","adv-header-id-meta":"","stick-header-meta":"","header-above-stick-meta":"","header-main-stick-meta":"","header-below-stick-meta":"","astra-migrate-meta-layouts":"set","ast-page-background-enabled":"default","ast-page-background-meta":{"desktop":{"background-color":"","background-image":"","background-repeat":"repeat","background-position":"center center","background-size":"auto","background-attachment":"scroll","background-type":"","background-media":"","overlay-type":"","overlay-color":"","overlay-gradient":""},"tablet":{"background-color":"","background-image":"","background-repeat":"repeat","background-position":"center center","background-size":"auto","background-attachment":"scroll","background-type":"","background-media":"","overlay-type":"","overlay-color":"","overlay-gradient":""},"mobile":{"background-color":"","background-image":"","background-repeat":"repeat","background-position":"center center","background-size":"auto","background-attachment":"scroll","background-type":"","background-media":"","overlay-type":"","overlay-color":"","overlay-gradient":""}},"ast-content-background-meta":{"desktop":{"background-color":"var(--ast-global-color-5)","background-image":"","background-repeat":"repeat","background-position":"center center","background-size":"auto","background-attachment":"scroll","background-type":"","background-media":"","overlay-type":"","overlay-color":"","overlay-gradient":""},"tablet":{"background-color":"var(--ast-global-color-5)","background-image":"","background-repeat":"repeat","background-position":"center center","background-size":"auto","background-attachment":"scroll","background-type":"","background-media":"","overlay-type":"","overlay-color":"","overlay-gradient":""},"mobile":{"background-color":"var(--ast-global-color-5)","background-image":"","background-repeat":"repeat","background-position":"center center","background-size":"auto","background-attachment":"scroll","background-type":"","background-media":"","overlay-type":"","overlay-color":"","overlay-gradient":""}},"_themeisle_gutenberg_block_has_review":false,"footnotes":""},"class_list":["post-1199","page","type-page","status-publish","hentry"],"yoast_head":"<!-- This site is optimized with the Yoast SEO plugin v22.1 - https:\/\/yoast.com\/wordpress\/plugins\/seo\/ -->\n<title>Wsp\u00f3\u0142praca - Stowarzyszenie Na Czterech \u0141apach<\/title>\n<meta name=\"robots\" content=\"index, follow, max-snippet:-1, max-image-preview:large, max-video-preview:-1\" \/>\n<link rel=\"canonical\" href=\"https:\/\/stowarzyszenienaczterechlapach.pl\/en\/wspolpraca\/\" \/>\n<meta property=\"og:locale\" content=\"en_GB\" \/>\n<meta property=\"og:type\" content=\"article\" \/>\n<meta property=\"og:title\" content=\"Wsp\u00f3\u0142praca - Stowarzyszenie Na Czterech \u0141apach\" \/>\n<meta property=\"og:description\" content=\"Wsp\u00f3\u0142praca Serdecznie zapraszamy do Wsp\u00f3\u0142pracy lokalne Instytucje, Organizacje oraz Firmy, kt\u00f3re dziel\u0105 z nami zainteresowania, pasje i kt\u00f3rym przy\u015bwieca idea poprawy losu zwierz\u0105t. Razem mo\u017cemy zdzia\u0142a\u0107 wiele dobrego dla bezdomnych, poszkodowanych i potrzebuj\u0105cych wsparcia zwierz\u0105t. Instytucje:(miejsce na opis) Organizacje:(miejsce na opis) Firmy, podmioty gospodarcze:(miejsce na opis)\" \/>\n<meta property=\"og:url\" content=\"https:\/\/stowarzyszenienaczterechlapach.pl\/en\/wspolpraca\/\" \/>\n<meta property=\"og:site_name\" content=\"Stowarzyszenie Na Czterech \u0141apach\" \/>\n<meta property=\"article:modified_time\" content=\"2024-01-30T13:52:29+00:00\" \/>\n<meta name=\"twitter:card\" content=\"summary_large_image\" \/>\n<meta name=\"twitter:label1\" content=\"Estimated reading time\" \/>\n\t<meta name=\"twitter:data1\" content=\"1 minute\" \/>\n<script type=\"application\/ld+json\" class=\"yoast-schema-graph\">{\"@context\":\"https:\/\/schema.org\",\"@graph\":[{\"@type\":\"WebPage\",\"@id\":\"https:\/\/stowarzyszenienaczterechlapach.pl\/wspolpraca\/\",\"url\":\"https:\/\/stowarzyszenienaczterechlapach.pl\/wspolpraca\/\",\"name\":\"Wsp\u00f3\u0142praca - Stowarzyszenie Na Czterech \u0141apach\",\"isPartOf\":{\"@id\":\"https:\/\/stowarzyszenienaczterechlapach.pl\/#website\"},\"datePublished\":\"2024-01-26T07:34:09+00:00\",\"dateModified\":\"2024-01-30T13:52:29+00:00\",\"breadcrumb\":{\"@id\":\"https:\/\/stowarzyszenienaczterechlapach.pl\/wspolpraca\/#breadcrumb\"},\"inLanguage\":\"en-GB\",\"potentialAction\":[{\"@type\":\"ReadAction\",\"target\":[\"https:\/\/stowarzyszenienaczterechlapach.pl\/wspolpraca\/\"]}]},{\"@type\":\"BreadcrumbList\",\"@id\":\"https:\/\/stowarzyszenienaczterechlapach.pl\/wspolpraca\/#breadcrumb\",\"itemListElement\":[{\"@type\":\"ListItem\",\"position\":1,\"name\":\"Strona g\u0142\u00f3wna\",\"item\":\"https:\/\/stowarzyszenienaczterechlapach.pl\/\"},{\"@type\":\"ListItem\",\"position\":2,\"name\":\"Wsp\u00f3\u0142praca\"}]},{\"@type\":\"WebSite\",\"@id\":\"https:\/\/stowarzyszenienaczterechlapach.pl\/#website\",\"url\":\"https:\/\/stowarzyszenienaczterechlapach.pl\/\",\"name\":\"Stowarzyszenie Na Czterech \u0141apach\",\"description\":\"\",\"publisher\":{\"@id\":\"https:\/\/stowarzyszenienaczterechlapach.pl\/#organization\"},\"potentialAction\":[{\"@type\":\"SearchAction\",\"target\":{\"@type\":\"EntryPoint\",\"urlTemplate\":\"https:\/\/stowarzyszenienaczterechlapach.pl\/?s={search_term_string}\"},\"query-input\":\"required name=search_term_string\"}],\"inLanguage\":\"en-GB\"},{\"@type\":\"Organization\",\"@id\":\"https:\/\/stowarzyszenienaczterechlapach.pl\/#organization\",\"name\":\"Stowarzyszenie Na Czterech \u0141apach\",\"url\":\"https:\/\/stowarzyszenienaczterechlapach.pl\/\",\"logo\":{\"@type\":\"ImageObject\",\"inLanguage\":\"en-GB\",\"@id\":\"https:\/\/stowarzyszenienaczterechlapach.pl\/#\/schema\/logo\/image\/\",\"url\":\"https:\/\/stowarzyszenienaczterechlapach.pl\/wp-content\/uploads\/2024\/01\/Titu-4.svg\",\"contentUrl\":\"https:\/\/stowarzyszenienaczterechlapach.pl\/wp-content\/uploads\/2024\/01\/Titu-4.svg\",\"width\":500,\"height\":500,\"caption\":\"Stowarzyszenie Na Czterech \u0141apach\"},\"image\":{\"@id\":\"https:\/\/stowarzyszenienaczterechlapach.pl\/#\/schema\/logo\/image\/\"}}]}<\/script>\n<!-- \/ Yoast SEO plugin. -->","yoast_head_json":{"title":"Wsp\u00f3\u0142praca - Stowarzyszenie Na Czterech \u0141apach","robots":{"index":"index","follow":"follow","max-snippet":"max-snippet:-1","max-image-preview":"max-image-preview:large","max-video-preview":"max-video-preview:-1"},"canonical":"https:\/\/stowarzyszenienaczterechlapach.pl\/en\/wspolpraca\/","og_locale":"en_GB","og_type":"article","og_title":"Wsp\u00f3\u0142praca - Stowarzyszenie Na Czterech \u0141apach","og_description":"Wsp\u00f3\u0142praca Serdecznie zapraszamy do Wsp\u00f3\u0142pracy lokalne Instytucje, Organizacje oraz Firmy, kt\u00f3re dziel\u0105 z nami zainteresowania, pasje i kt\u00f3rym przy\u015bwieca idea poprawy losu zwierz\u0105t. Razem mo\u017cemy zdzia\u0142a\u0107 wiele dobrego dla bezdomnych, poszkodowanych i potrzebuj\u0105cych wsparcia zwierz\u0105t. Instytucje:(miejsce na opis) Organizacje:(miejsce na opis) Firmy, podmioty gospodarcze:(miejsce na opis)","og_url":"https:\/\/stowarzyszenienaczterechlapach.pl\/en\/wspolpraca\/","og_site_name":"Stowarzyszenie Na Czterech \u0141apach","article_modified_time":"2024-01-30T13:52:29+00:00","twitter_card":"summary_large_image","twitter_misc":{"Estimated reading time":"1 minute"},"schema":{"@context":"https:\/\/schema.org","@graph":[{"@type":"WebPage","@id":"https:\/\/stowarzyszenienaczterechlapach.pl\/wspolpraca\/","url":"https:\/\/stowarzyszenienaczterechlapach.pl\/wspolpraca\/","name":"Wsp\u00f3\u0142praca - Stowarzyszenie Na Czterech \u0141apach","isPartOf":{"@id":"https:\/\/stowarzyszenienaczterechlapach.pl\/#website"},"datePublished":"2024-01-26T07:34:09+00:00","dateModified":"2024-01-30T13:52:29+00:00","breadcrumb":{"@id":"https:\/\/stowarzyszenienaczterechlapach.pl\/wspolpraca\/#breadcrumb"},"inLanguage":"en-GB","potentialAction":[{"@type":"ReadAction","target":["https:\/\/stowarzyszenienaczterechlapach.pl\/wspolpraca\/"]}]},{"@type":"BreadcrumbList","@id":"https:\/\/stowarzyszenienaczterechlapach.pl\/wspolpraca\/#breadcrumb","itemListElement":[{"@type":"ListItem","position":1,"name":"Strona g\u0142\u00f3wna","item":"https:\/\/stowarzyszenienaczterechlapach.pl\/"},{"@type":"ListItem","position":2,"name":"Wsp\u00f3\u0142praca"}]},{"@type":"WebSite","@id":"https:\/\/stowarzyszenienaczterechlapach.pl\/#website","url":"https:\/\/stowarzyszenienaczterechlapach.pl\/","name":"Stowarzyszenie Na Czterech \u0141apach","description":"","publisher":{"@id":"https:\/\/stowarzyszenienaczterechlapach.pl\/#organization"},"potentialAction":[{"@type":"SearchAction","target":{"@type":"EntryPoint","urlTemplate":"https:\/\/stowarzyszenienaczterechlapach.pl\/?s={search_term_string}"},"query-input":"required name=search_term_string"}],"inLanguage":"en-GB"},{"@type":"Organization","@id":"https:\/\/stowarzyszenienaczterechlapach.pl\/#organization","name":"Stowarzyszenie Na Czterech \u0141apach","url":"https:\/\/stowarzyszenienaczterechlapach.pl\/","logo":{"@type":"ImageObject","inLanguage":"en-GB","@id":"https:\/\/stowarzyszenienaczterechlapach.pl\/#\/schema\/logo\/image\/","url":"https:\/\/stowarzyszenienaczterechlapach.pl\/wp-content\/uploads\/2024\/01\/Titu-4.svg","contentUrl":"https:\/\/stowarzyszenienaczterechlapach.pl\/wp-content\/uploads\/2024\/01\/Titu-4.svg","width":500,"height":500,"caption":"Stowarzyszenie Na Czterech \u0141apach"},"image":{"@id":"https:\/\/stowarzyszenienaczterechlapach.pl\/#\/schema\/logo\/image\/"}}]}},"_links":{"self":[{"href":"https:\/\/stowarzyszenienaczterechlapach.pl\/en\/wp-json\/wp\/v2\/pages\/1199","targetHints":{"allow":["GET"]}}],"collection":[{"href":"https:\/\/stowarzyszenienaczterechlapach.pl\/en\/wp-json\/wp\/v2\/pages"}],"about":[{"href":"https:\/\/stowarzyszenienaczterechlapach.pl\/en\/wp-json\/wp\/v2\/types\/page"}],"author":[{"embeddable":true,"href":"https:\/\/stowarzyszenienaczterechlapach.pl\/en\/wp-json\/wp\/v2\/users\/1"}],"replies":[{"embeddable":true,"href":"https:\/\/stowarzyszenienaczterechlapach.pl\/en\/wp-json\/wp\/v2\/comments?post=1199"}],"version-history":[{"count":7,"href":"https:\/\/stowarzyszenienaczterechlapach.pl\/en\/wp-json\/wp\/v2\/pages\/1199\/revisions"}],"predecessor-version":[{"id":1235,"href":"https:\/\/stowarzyszenienaczterechlapach.pl\/en\/wp-json\/wp\/v2\/pages\/1199\/revisions\/1235"}],"wp:attachment":[{"href":"https:\/\/stowarzyszenienaczterechlapach.pl\/en\/wp-json\/wp\/v2\/media?parent=1199"}],"curies":[{"name":"wp","href":"https:\/\/api.w.org\/{rel}","templated":true}]}}