{"id":1113,"date":"2024-01-25T13:05:29","date_gmt":"2024-01-25T12:05:29","guid":{"rendered":"https:\/\/stowarzyszenienaczterechlapach.pl\/?page_id=1113"},"modified":"2024-01-25T13:14:56","modified_gmt":"2024-01-25T12:14:56","slug":"blog","status":"publish","type":"page","link":"https:\/\/stowarzyszenienaczterechlapach.pl\/en\/blog\/","title":{"rendered":"Blog"},"content":{"rendered":"<div data-elementor-type=\"wp-page\" data-elementor-id=\"1113\" class=\"elementor elementor-1113\">\n\t\t\t\t<div class=\"elementor-element elementor-element-8e00bb8 e-flex e-con-boxed e-con e-parent\" data-id=\"8e00bb8\" data-element_type=\"container\" data-settings=\"{&quot;content_width&quot;:&quot;boxed&quot;}\" data-core-v316-plus=\"true\">\n\t\t\t\t\t<div class=\"e-con-inner\">\n\t\t<div class=\"elementor-element elementor-element-5d1d9a4 e-con-full e-flex e-con e-child\" data-id=\"5d1d9a4\" data-element_type=\"container\" data-settings=\"{&quot;content_width&quot;:&quot;full&quot;}\">\n\t\t<div class=\"elementor-element elementor-element-4923dc6 e-con-full e-flex e-con e-child\" data-id=\"4923dc6\" data-element_type=\"container\" data-settings=\"{&quot;content_width&quot;:&quot;full&quot;}\">\n\t\t<div class=\"elementor-element elementor-element-c7709c5 e-con-full e-flex e-con e-child\" data-id=\"c7709c5\" data-element_type=\"container\" data-settings=\"{&quot;content_width&quot;:&quot;full&quot;}\">\n\t\t\t\t<div class=\"elementor-element elementor-element-556805d elementor-widget elementor-widget-heading\" data-id=\"556805d\" data-element_type=\"widget\" data-widget_type=\"heading.default\">\n\t\t\t\t<div class=\"elementor-widget-container\">\n\t\t\t<style>\/*! elementor - v3.19.0 - 07-02-2024 *\/\n.elementor-heading-title{padding:0;margin:0;line-height:1}.elementor-widget-heading .elementor-heading-title[class*=elementor-size-]>a{color:inherit;font-size:inherit;line-height:inherit}.elementor-widget-heading .elementor-heading-title.elementor-size-small{font-size:15px}.elementor-widget-heading .elementor-heading-title.elementor-size-medium{font-size:19px}.elementor-widget-heading .elementor-heading-title.elementor-size-large{font-size:29px}.elementor-widget-heading .elementor-heading-title.elementor-size-xl{font-size:39px}.elementor-widget-heading .elementor-heading-title.elementor-size-xxl{font-size:59px}<\/style><h1 class=\"elementor-heading-title elementor-size-default\">Nasze aktualno\u015bci<\/h1>\t\t<\/div>\n\t\t\t\t<\/div>\n\t\t\t\t<\/div>\n\t\t<div class=\"elementor-element elementor-element-c39fa14 e-con-full e-flex e-con e-child\" data-id=\"c39fa14\" data-element_type=\"container\" data-settings=\"{&quot;content_width&quot;:&quot;full&quot;}\">\n\t\t\t\t<\/div>\n\t\t\t\t<\/div>\n\t\t\t\t<\/div>\n\t\t\t\t\t<\/div>\n\t\t\t\t<\/div>\n\t\t<div class=\"elementor-element elementor-element-5f5e191 e-flex e-con-boxed e-con e-parent\" data-id=\"5f5e191\" data-element_type=\"container\" data-settings=\"{&quot;content_width&quot;:&quot;boxed&quot;}\" data-core-v316-plus=\"true\">\n\t\t\t\t\t<div class=\"e-con-inner\">\n\t\t\t\t<div class=\"elementor-element elementor-element-50e35df elementor-widget elementor-widget-ucaddon_uc_card_post_carousel\" data-id=\"50e35df\" data-element_type=\"widget\" data-widget_type=\"ucaddon_uc_card_post_carousel.default\">\n\t\t\t\t<div class=\"elementor-widget-container\">\n\t\t\t<!-- start Post Carousel Lite -->\n\t\t<link id='font-awesome-css' href='https:\/\/stowarzyszenienaczterechlapach.pl\/wp-content\/plugins\/unlimited-elements-for-elementor\/assets_libraries\/font-awesome5\/css\/fontawesome-all.min.css' type='text\/css' rel='stylesheet' >\n\t\t<link id='font-awesome-4-shim-css' href='https:\/\/stowarzyszenienaczterechlapach.pl\/wp-content\/plugins\/unlimited-elements-for-elementor\/assets_libraries\/font-awesome5\/css\/fontawesome-v4-shims.css' type='text\/css' rel='stylesheet' >\n\t\t<link id='owl-carousel-css' href='https:\/\/stowarzyszenienaczterechlapach.pl\/wp-content\/plugins\/unlimited-elements-for-elementor\/assets_libraries\/owl-carousel-new\/assets\/owl.carousel.css' type='text\/css' rel='stylesheet' >\n\n\t\t\t<style type=\"text\/css\">\/* widget: Post Carousel Lite *\/\n\n#uc_uc_card_post_carousel_elementor_50e35df *{\n  box-sizing:border-box;\n}\n#uc_uc_card_post_carousel_elementor_50e35df{\n  position:relative;\n  min-height:1px;\n}\n#uc_uc_card_post_carousel_elementor_50e35df .uc_image_carousel_content{\n\ttext-align:center;\n    display: flex;\n     flex-flow: column nowrap;\n}\n#uc_uc_card_post_carousel_elementor_50e35df .ue_post_carousel_item\n{\n  overflow:hidden;\n  \n}\n#uc_uc_card_post_carousel_elementor_50e35df .uc_image_carousel_bg {\n  background-repeat: no-repeat;\n}\n#uc_uc_card_post_carousel_elementor_50e35df .uc_image_carousel_placeholder{\n  overflow:hidden;\n}\n\n#uc_uc_card_post_carousel_elementor_50e35df .ue_post_btn_holder\n{\n  margin-top:auto;\n}\n\n#uc_uc_card_post_carousel_elementor_50e35df .uc_more_btn{\n\n  display:inline-block;\n  text-align:center;\n  text-decoration:none;\n} \n\n.uc_overlay_image_carousel .uc_more_btn{\n  text-decoration:none;\n  display:inline-block;\n}\n\n.uc_overlay_image_carousel .uc_post_title{\n  font-size:21px;\n  text-decoration:none;\n}\n\n#uc_uc_card_post_carousel_elementor_50e35df .owl-nav .owl-prev{\n    position:absolute;\n    display:inline-block;\n    text-align:center;\n}\n#uc_uc_card_post_carousel_elementor_50e35df .owl-nav .owl-next{\n  position:absolute;\n  display:inline-block;\n  text-align:center;\n}\n\n\n#uc_uc_card_post_carousel_elementor_50e35df .owl-dots {\noverflow:hidden;\ndisplay:true !important;\ntext-align:center;\n}\n\n#uc_uc_card_post_carousel_elementor_50e35df .owl-dot {\nborder-radius:50%;\ndisplay:inline-block;\n}\n\t#uc_uc_card_post_carousel_elementor_50e35df .owl-stage\n        {\n            transition-timing-function: linear!important;\n        }\n\n\n\n<\/style>\n\n\t\t\t<div class=\"uc_overlay_image_carousel\" id=\"uc_uc_card_post_carousel_elementor_50e35df\" data-custom-sethtml=\"true\" >\n   <div class=\"uc_carousel owl-carousel owl-theme uc-items-wrapper\">\n   \t\t<div id=\"uc_uc_card_post_carousel_elementor_50e35df_item1\" class=\"uc_image_carousel_container_holder ue_post_carousel_item ue-Bez kategorii\">\n  <div class=\"uc_image_carousel_placeholder\">\n    <a href=\"https:\/\/stowarzyszenienaczterechlapach.pl\/en\/witaj-swiecie\/\"><div class=\"uc_image_carousel_bg\" style=\"background-image:url(https:\/\/stowarzyszenienaczterechlapach.pl\/wp-content\/uploads\/ac_assets\/uc_card_post_carousel\/\/no-image.png); background-position:center;\"><\/div><\/a>\n  <\/div>\n\n  <div class=\"uc_image_carousel_content\" >\n    <div class=\"ue_post_category\"><a href=\"https:\/\/stowarzyszenienaczterechlapach.pl\/en\/category\/bez-kategorii\/\">Bez kategorii<\/a><\/div>    <div class=\"ue_post_date\">25 January 2024<\/div>        <a href=\"https:\/\/stowarzyszenienaczterechlapach.pl\/en\/witaj-swiecie\/\" style=\"text-decoration:none;\"><div class=\"uc_post_title\" style=\"text-decoration:none;\">Witaj, \u015bwiecie!<\/div><\/a>    <div class=\"ue_post_intro\">Witamy w WordPressie. To jest tw\u00f3j pierwszy wpis. Edytuj go lub usu\u0144, a nast\u0119pnie zacznij pisa\u0107!<\/div>    \n    <div class=\"ue_post_btn_holder\"><a class=\"uc_more_btn ue-dynamic-popup-single\" href='https:\/\/stowarzyszenienaczterechlapach.pl\/en\/witaj-swiecie\/' target=\"_self\">Czytaj wpis<\/a><\/div>    \n  <\/div>\n  \n    \n<\/div>\n\n   <\/div>\t\n<\/div>\n\n\t\t\t<!-- end Post Carousel Lite -->\t\t<\/div>\n\t\t\t\t<\/div>\n\t\t\t\t\t<\/div>\n\t\t\t\t<\/div>\n\t\t\t\t<\/div>","protected":false},"excerpt":{"rendered":"<p>Nasze aktualno\u015bci Bez kategorii 25 stycznia 2024 Witaj, \u015bwiecie! Witamy w WordPressie. To jest tw\u00f3j pierwszy wpis. Edytuj go lub usu\u0144, a nast\u0119pnie zacznij pisa\u0107! Czytaj wpis<\/p>","protected":false},"author":1,"featured_media":0,"parent":0,"menu_order":0,"comment_status":"closed","ping_status":"closed","template":"","meta":{"site-sidebar-layout":"no-sidebar","site-content-layout":"page-builder","ast-site-content-layout":"full-width-container","site-content-style":"default","site-sidebar-style":"default","ast-global-header-display":"","ast-banner-title-visibility":"","ast-main-header-display":"","ast-hfb-above-header-display":"","ast-hfb-below-header-display":"","ast-hfb-mobile-header-display":"","site-post-title":"disabled","ast-breadcrumbs-content":"","ast-featured-img":"disabled","footer-sml-layout":"","theme-transparent-header-meta":"","adv-header-id-meta":"","stick-header-meta":"","header-above-stick-meta":"","header-main-stick-meta":"","header-below-stick-meta":"","astra-migrate-meta-layouts":"set","ast-page-background-enabled":"default","ast-page-background-meta":{"desktop":{"background-color":"","background-image":"","background-repeat":"repeat","background-position":"center center","background-size":"auto","background-attachment":"scroll","background-type":"","background-media":"","overlay-type":"","overlay-color":"","overlay-gradient":""},"tablet":{"background-color":"","background-image":"","background-repeat":"repeat","background-position":"center center","background-size":"auto","background-attachment":"scroll","background-type":"","background-media":"","overlay-type":"","overlay-color":"","overlay-gradient":""},"mobile":{"background-color":"","background-image":"","background-repeat":"repeat","background-position":"center center","background-size":"auto","background-attachment":"scroll","background-type":"","background-media":"","overlay-type":"","overlay-color":"","overlay-gradient":""}},"ast-content-background-meta":{"desktop":{"background-color":"var(--ast-global-color-5)","background-image":"","background-repeat":"repeat","background-position":"center center","background-size":"auto","background-attachment":"scroll","background-type":"","background-media":"","overlay-type":"","overlay-color":"","overlay-gradient":""},"tablet":{"background-color":"var(--ast-global-color-5)","background-image":"","background-repeat":"repeat","background-position":"center center","background-size":"auto","background-attachment":"scroll","background-type":"","background-media":"","overlay-type":"","overlay-color":"","overlay-gradient":""},"mobile":{"background-color":"var(--ast-global-color-5)","background-image":"","background-repeat":"repeat","background-position":"center center","background-size":"auto","background-attachment":"scroll","background-type":"","background-media":"","overlay-type":"","overlay-color":"","overlay-gradient":""}},"_themeisle_gutenberg_block_has_review":false,"footnotes":""},"class_list":["post-1113","page","type-page","status-publish","hentry"],"yoast_head":"<!-- This site is optimized with the Yoast SEO plugin v22.1 - https:\/\/yoast.com\/wordpress\/plugins\/seo\/ -->\n<title>Blog - Stowarzyszenie Na Czterech \u0141apach<\/title>\n<meta name=\"robots\" content=\"index, follow, max-snippet:-1, max-image-preview:large, max-video-preview:-1\" \/>\n<link rel=\"canonical\" href=\"https:\/\/stowarzyszenienaczterechlapach.pl\/en\/blog\/\" \/>\n<meta property=\"og:locale\" content=\"en_GB\" \/>\n<meta property=\"og:type\" content=\"article\" \/>\n<meta property=\"og:title\" content=\"Blog - Stowarzyszenie Na Czterech \u0141apach\" \/>\n<meta property=\"og:description\" content=\"Nasze aktualno\u015bci Bez kategorii 25 stycznia 2024 Witaj, \u015bwiecie! Witamy w WordPressie. To jest tw\u00f3j pierwszy wpis. Edytuj go lub usu\u0144, a nast\u0119pnie zacznij pisa\u0107! Czytaj wpis\" \/>\n<meta property=\"og:url\" content=\"https:\/\/stowarzyszenienaczterechlapach.pl\/en\/blog\/\" \/>\n<meta property=\"og:site_name\" content=\"Stowarzyszenie Na Czterech \u0141apach\" \/>\n<meta property=\"article:modified_time\" content=\"2024-01-25T12:14:56+00:00\" \/>\n<meta name=\"twitter:card\" content=\"summary_large_image\" \/>\n<meta name=\"twitter:label1\" content=\"Estimated reading time\" \/>\n\t<meta name=\"twitter:data1\" content=\"2 minutes\" \/>\n<script type=\"application\/ld+json\" class=\"yoast-schema-graph\">{\"@context\":\"https:\/\/schema.org\",\"@graph\":[{\"@type\":\"WebPage\",\"@id\":\"https:\/\/stowarzyszenienaczterechlapach.pl\/blog\/\",\"url\":\"https:\/\/stowarzyszenienaczterechlapach.pl\/blog\/\",\"name\":\"Blog - Stowarzyszenie Na Czterech \u0141apach\",\"isPartOf\":{\"@id\":\"https:\/\/stowarzyszenienaczterechlapach.pl\/#website\"},\"datePublished\":\"2024-01-25T12:05:29+00:00\",\"dateModified\":\"2024-01-25T12:14:56+00:00\",\"breadcrumb\":{\"@id\":\"https:\/\/stowarzyszenienaczterechlapach.pl\/blog\/#breadcrumb\"},\"inLanguage\":\"en-GB\",\"potentialAction\":[{\"@type\":\"ReadAction\",\"target\":[\"https:\/\/stowarzyszenienaczterechlapach.pl\/blog\/\"]}]},{\"@type\":\"BreadcrumbList\",\"@id\":\"https:\/\/stowarzyszenienaczterechlapach.pl\/blog\/#breadcrumb\",\"itemListElement\":[{\"@type\":\"ListItem\",\"position\":1,\"name\":\"Strona g\u0142\u00f3wna\",\"item\":\"https:\/\/stowarzyszenienaczterechlapach.pl\/\"},{\"@type\":\"ListItem\",\"position\":2,\"name\":\"Blog\"}]},{\"@type\":\"WebSite\",\"@id\":\"https:\/\/stowarzyszenienaczterechlapach.pl\/#website\",\"url\":\"https:\/\/stowarzyszenienaczterechlapach.pl\/\",\"name\":\"Stowarzyszenie Na Czterech \u0141apach\",\"description\":\"\",\"publisher\":{\"@id\":\"https:\/\/stowarzyszenienaczterechlapach.pl\/#organization\"},\"potentialAction\":[{\"@type\":\"SearchAction\",\"target\":{\"@type\":\"EntryPoint\",\"urlTemplate\":\"https:\/\/stowarzyszenienaczterechlapach.pl\/?s={search_term_string}\"},\"query-input\":\"required name=search_term_string\"}],\"inLanguage\":\"en-GB\"},{\"@type\":\"Organization\",\"@id\":\"https:\/\/stowarzyszenienaczterechlapach.pl\/#organization\",\"name\":\"Stowarzyszenie Na Czterech \u0141apach\",\"url\":\"https:\/\/stowarzyszenienaczterechlapach.pl\/\",\"logo\":{\"@type\":\"ImageObject\",\"inLanguage\":\"en-GB\",\"@id\":\"https:\/\/stowarzyszenienaczterechlapach.pl\/#\/schema\/logo\/image\/\",\"url\":\"https:\/\/stowarzyszenienaczterechlapach.pl\/wp-content\/uploads\/2024\/01\/Titu-4.svg\",\"contentUrl\":\"https:\/\/stowarzyszenienaczterechlapach.pl\/wp-content\/uploads\/2024\/01\/Titu-4.svg\",\"width\":500,\"height\":500,\"caption\":\"Stowarzyszenie Na Czterech \u0141apach\"},\"image\":{\"@id\":\"https:\/\/stowarzyszenienaczterechlapach.pl\/#\/schema\/logo\/image\/\"}}]}<\/script>\n<!-- \/ Yoast SEO plugin. -->","yoast_head_json":{"title":"Blog - Stowarzyszenie Na Czterech \u0141apach","robots":{"index":"index","follow":"follow","max-snippet":"max-snippet:-1","max-image-preview":"max-image-preview:large","max-video-preview":"max-video-preview:-1"},"canonical":"https:\/\/stowarzyszenienaczterechlapach.pl\/en\/blog\/","og_locale":"en_GB","og_type":"article","og_title":"Blog - Stowarzyszenie Na Czterech \u0141apach","og_description":"Nasze aktualno\u015bci Bez kategorii 25 stycznia 2024 Witaj, \u015bwiecie! Witamy w WordPressie. To jest tw\u00f3j pierwszy wpis. Edytuj go lub usu\u0144, a nast\u0119pnie zacznij pisa\u0107! Czytaj wpis","og_url":"https:\/\/stowarzyszenienaczterechlapach.pl\/en\/blog\/","og_site_name":"Stowarzyszenie Na Czterech \u0141apach","article_modified_time":"2024-01-25T12:14:56+00:00","twitter_card":"summary_large_image","twitter_misc":{"Estimated reading time":"2 minutes"},"schema":{"@context":"https:\/\/schema.org","@graph":[{"@type":"WebPage","@id":"https:\/\/stowarzyszenienaczterechlapach.pl\/blog\/","url":"https:\/\/stowarzyszenienaczterechlapach.pl\/blog\/","name":"Blog - Stowarzyszenie Na Czterech \u0141apach","isPartOf":{"@id":"https:\/\/stowarzyszenienaczterechlapach.pl\/#website"},"datePublished":"2024-01-25T12:05:29+00:00","dateModified":"2024-01-25T12:14:56+00:00","breadcrumb":{"@id":"https:\/\/stowarzyszenienaczterechlapach.pl\/blog\/#breadcrumb"},"inLanguage":"en-GB","potentialAction":[{"@type":"ReadAction","target":["https:\/\/stowarzyszenienaczterechlapach.pl\/blog\/"]}]},{"@type":"BreadcrumbList","@id":"https:\/\/stowarzyszenienaczterechlapach.pl\/blog\/#breadcrumb","itemListElement":[{"@type":"ListItem","position":1,"name":"Strona g\u0142\u00f3wna","item":"https:\/\/stowarzyszenienaczterechlapach.pl\/"},{"@type":"ListItem","position":2,"name":"Blog"}]},{"@type":"WebSite","@id":"https:\/\/stowarzyszenienaczterechlapach.pl\/#website","url":"https:\/\/stowarzyszenienaczterechlapach.pl\/","name":"Stowarzyszenie Na Czterech \u0141apach","description":"","publisher":{"@id":"https:\/\/stowarzyszenienaczterechlapach.pl\/#organization"},"potentialAction":[{"@type":"SearchAction","target":{"@type":"EntryPoint","urlTemplate":"https:\/\/stowarzyszenienaczterechlapach.pl\/?s={search_term_string}"},"query-input":"required name=search_term_string"}],"inLanguage":"en-GB"},{"@type":"Organization","@id":"https:\/\/stowarzyszenienaczterechlapach.pl\/#organization","name":"Stowarzyszenie Na Czterech \u0141apach","url":"https:\/\/stowarzyszenienaczterechlapach.pl\/","logo":{"@type":"ImageObject","inLanguage":"en-GB","@id":"https:\/\/stowarzyszenienaczterechlapach.pl\/#\/schema\/logo\/image\/","url":"https:\/\/stowarzyszenienaczterechlapach.pl\/wp-content\/uploads\/2024\/01\/Titu-4.svg","contentUrl":"https:\/\/stowarzyszenienaczterechlapach.pl\/wp-content\/uploads\/2024\/01\/Titu-4.svg","width":500,"height":500,"caption":"Stowarzyszenie Na Czterech \u0141apach"},"image":{"@id":"https:\/\/stowarzyszenienaczterechlapach.pl\/#\/schema\/logo\/image\/"}}]}},"_links":{"self":[{"href":"https:\/\/stowarzyszenienaczterechlapach.pl\/en\/wp-json\/wp\/v2\/pages\/1113","targetHints":{"allow":["GET"]}}],"collection":[{"href":"https:\/\/stowarzyszenienaczterechlapach.pl\/en\/wp-json\/wp\/v2\/pages"}],"about":[{"href":"https:\/\/stowarzyszenienaczterechlapach.pl\/en\/wp-json\/wp\/v2\/types\/page"}],"author":[{"embeddable":true,"href":"https:\/\/stowarzyszenienaczterechlapach.pl\/en\/wp-json\/wp\/v2\/users\/1"}],"replies":[{"embeddable":true,"href":"https:\/\/stowarzyszenienaczterechlapach.pl\/en\/wp-json\/wp\/v2\/comments?post=1113"}],"version-history":[{"count":7,"href":"https:\/\/stowarzyszenienaczterechlapach.pl\/en\/wp-json\/wp\/v2\/pages\/1113\/revisions"}],"predecessor-version":[{"id":1121,"href":"https:\/\/stowarzyszenienaczterechlapach.pl\/en\/wp-json\/wp\/v2\/pages\/1113\/revisions\/1121"}],"wp:attachment":[{"href":"https:\/\/stowarzyszenienaczterechlapach.pl\/en\/wp-json\/wp\/v2\/media?parent=1113"}],"curies":[{"name":"wp","href":"https:\/\/api.w.org\/{rel}","templated":true}]}}